{"id":368,"date":"2019-01-03T15:18:54","date_gmt":"2019-01-03T15:18:54","guid":{"rendered":"http:\/\/gonzalezplc.com\/?page_id=368"},"modified":"2019-03-07T05:39:24","modified_gmt":"2019-03-07T05:39:24","slug":"sobre-nosotros","status":"publish","type":"page","link":"https:\/\/gonzalezplc.com\/es\/sobre-nosotros\/","title":{"rendered":"Acerca de Nuestra Empresa"},"content":{"rendered":"\n<p>Gonzalez &amp; Gonzalez Law es un bufete de abogados creado por un padre y un hijo que han forjado un v\u00ednculo para ayudar a otros. Rosendo \u00abRoss\u00bb sali\u00f3 de Cuba en 1971 durante tiempos turbulentos en el pa\u00eds y vio de primera mano la injusticia contra quienes lo rodeaban. Al venir a Estados Unidos, Ross trabaj\u00f3 incansablemente en la b\u00fasqueda de su sue\u00f1o de buscar la igualdad y la representaci\u00f3n dentro de la profesi\u00f3n legal. Zachary se cri\u00f3 en Long Beach, California, donde le ense\u00f1aron los valores del trabajo arduo, la inclusi\u00f3n y la construcci\u00f3n de la comunidad. Inspirado por su padre, Zach persigui\u00f3 la escuela de leyes con una pasi\u00f3n por defender lo que es justo.<\/p>\n\n\n\n<p>En Gonzalez &amp; Gonzalez Law, nuestro enfoque fundamental es ayudar a satisfacer las necesidades de nuestros clientes y brindar un toque personal a cada caso. Entendemos lo estresante que es navegar por el proceso legal y nuestro objetivo es cuidar de nuestros clientes y ayudar a proteger sus intereses. Estamos muy comprometidos en buscar los resultados para nuestros clientes con la mayor profesionalidad, respeto e integridad.<\/p>\n","protected":false},"excerpt":{"rendered":"<p>Gonzalez &amp; Gonzalez Law es un bufete de abogados creado por un padre y un hijo que han forjado un v\u00ednculo para ayudar&#8230;<\/p>\n","protected":false},"author":2,"featured_media":601,"parent":0,"menu_order":0,"comment_status":"closed","ping_status":"closed","template":"","meta":{"footnotes":""},"class_list":["post-368","page","type-page","status-publish","has-post-thumbnail","hentry"],"yoast_head":"<!-- This site is optimized with the Yoast SEO plugin v19.7.1 - https:\/\/yoast.com\/wordpress\/plugins\/seo\/ -->\n<title>Acerca de Nuestra Empresa - Gonzalez Law<\/title>\n<meta name=\"robots\" content=\"index, follow, max-snippet:-1, max-image-preview:large, max-video-preview:-1\" \/>\n<link rel=\"canonical\" href=\"https:\/\/gonzalezplc.com\/es\/sobre-nosotros\/\" \/>\n<meta property=\"og:locale\" content=\"es_ES\" \/>\n<meta property=\"og:type\" content=\"article\" \/>\n<meta property=\"og:title\" content=\"Acerca de Nuestra Empresa - Gonzalez Law\" \/>\n<meta property=\"og:description\" content=\"Gonzalez &amp; Gonzalez Law es un bufete de abogados creado por un padre y un hijo que han forjado un v\u00ednculo para ayudar...\" \/>\n<meta property=\"og:url\" content=\"https:\/\/gonzalezplc.com\/es\/sobre-nosotros\/\" \/>\n<meta property=\"og:site_name\" content=\"Gonzalez Law\" \/>\n<meta property=\"article:modified_time\" content=\"2019-03-07T05:39:24+00:00\" \/>\n<meta property=\"og:image\" content=\"https:\/\/gonzalezplc.com\/wp-content\/uploads\/2019\/01\/about-us-.jpg\" \/>\n\t<meta property=\"og:image:width\" content=\"1920\" \/>\n\t<meta property=\"og:image:height\" content=\"560\" \/>\n\t<meta property=\"og:image:type\" content=\"image\/jpeg\" \/>\n<meta name=\"twitter:card\" content=\"summary_large_image\" \/>\n<meta name=\"twitter:label1\" content=\"Tiempo de lectura\" \/>\n\t<meta name=\"twitter:data1\" content=\"1 minuto\" \/>\n<script type=\"application\/ld+json\" class=\"yoast-schema-graph\">{\"@context\":\"https:\/\/schema.org\",\"@graph\":[{\"@type\":\"WebPage\",\"@id\":\"https:\/\/gonzalezplc.com\/es\/sobre-nosotros\/\",\"url\":\"https:\/\/gonzalezplc.com\/es\/sobre-nosotros\/\",\"name\":\"Acerca de Nuestra Empresa - Gonzalez Law\",\"isPartOf\":{\"@id\":\"https:\/\/gonzalezplc.com\/#website\"},\"datePublished\":\"2019-01-03T15:18:54+00:00\",\"dateModified\":\"2019-03-07T05:39:24+00:00\",\"breadcrumb\":{\"@id\":\"https:\/\/gonzalezplc.com\/es\/sobre-nosotros\/#breadcrumb\"},\"inLanguage\":\"es\",\"potentialAction\":[{\"@type\":\"ReadAction\",\"target\":[\"https:\/\/gonzalezplc.com\/es\/sobre-nosotros\/\"]}]},{\"@type\":\"BreadcrumbList\",\"@id\":\"https:\/\/gonzalezplc.com\/es\/sobre-nosotros\/#breadcrumb\",\"itemListElement\":[{\"@type\":\"ListItem\",\"position\":1,\"name\":\"Home\",\"item\":\"https:\/\/gonzalezplc.com\/es\/\"},{\"@type\":\"ListItem\",\"position\":2,\"name\":\"Acerca de Nuestra Empresa\"}]},{\"@type\":\"WebSite\",\"@id\":\"https:\/\/gonzalezplc.com\/#website\",\"url\":\"https:\/\/gonzalezplc.com\/\",\"name\":\"Gonzalez Law\",\"description\":\"Professional Corporation\",\"potentialAction\":[{\"@type\":\"SearchAction\",\"target\":{\"@type\":\"EntryPoint\",\"urlTemplate\":\"https:\/\/gonzalezplc.com\/?s={search_term_string}\"},\"query-input\":\"required name=search_term_string\"}],\"inLanguage\":\"es\"}]}<\/script>\n<!-- \/ Yoast SEO plugin. -->","yoast_head_json":{"title":"Acerca de Nuestra Empresa - Gonzalez Law","robots":{"index":"index","follow":"follow","max-snippet":"max-snippet:-1","max-image-preview":"max-image-preview:large","max-video-preview":"max-video-preview:-1"},"canonical":"https:\/\/gonzalezplc.com\/es\/sobre-nosotros\/","og_locale":"es_ES","og_type":"article","og_title":"Acerca de Nuestra Empresa - Gonzalez Law","og_description":"Gonzalez &amp; Gonzalez Law es un bufete de abogados creado por un padre y un hijo que han forjado un v\u00ednculo para ayudar...","og_url":"https:\/\/gonzalezplc.com\/es\/sobre-nosotros\/","og_site_name":"Gonzalez Law","article_modified_time":"2019-03-07T05:39:24+00:00","og_image":[{"width":1920,"height":560,"url":"https:\/\/gonzalezplc.com\/wp-content\/uploads\/2019\/01\/about-us-.jpg","type":"image\/jpeg"}],"twitter_card":"summary_large_image","twitter_misc":{"Tiempo de lectura":"1 minuto"},"schema":{"@context":"https:\/\/schema.org","@graph":[{"@type":"WebPage","@id":"https:\/\/gonzalezplc.com\/es\/sobre-nosotros\/","url":"https:\/\/gonzalezplc.com\/es\/sobre-nosotros\/","name":"Acerca de Nuestra Empresa - Gonzalez Law","isPartOf":{"@id":"https:\/\/gonzalezplc.com\/#website"},"datePublished":"2019-01-03T15:18:54+00:00","dateModified":"2019-03-07T05:39:24+00:00","breadcrumb":{"@id":"https:\/\/gonzalezplc.com\/es\/sobre-nosotros\/#breadcrumb"},"inLanguage":"es","potentialAction":[{"@type":"ReadAction","target":["https:\/\/gonzalezplc.com\/es\/sobre-nosotros\/"]}]},{"@type":"BreadcrumbList","@id":"https:\/\/gonzalezplc.com\/es\/sobre-nosotros\/#breadcrumb","itemListElement":[{"@type":"ListItem","position":1,"name":"Home","item":"https:\/\/gonzalezplc.com\/es\/"},{"@type":"ListItem","position":2,"name":"Acerca de Nuestra Empresa"}]},{"@type":"WebSite","@id":"https:\/\/gonzalezplc.com\/#website","url":"https:\/\/gonzalezplc.com\/","name":"Gonzalez Law","description":"Professional Corporation","potentialAction":[{"@type":"SearchAction","target":{"@type":"EntryPoint","urlTemplate":"https:\/\/gonzalezplc.com\/?s={search_term_string}"},"query-input":"required name=search_term_string"}],"inLanguage":"es"}]}},"_links":{"self":[{"href":"https:\/\/gonzalezplc.com\/es\/wp-json\/wp\/v2\/pages\/368\/"}],"collection":[{"href":"https:\/\/gonzalezplc.com\/es\/wp-json\/wp\/v2\/pages\/"}],"about":[{"href":"https:\/\/gonzalezplc.com\/es\/wp-json\/wp\/v2\/types\/page\/"}],"author":[{"embeddable":true,"href":"https:\/\/gonzalezplc.com\/es\/wp-json\/wp\/v2\/users\/2\/"}],"replies":[{"embeddable":true,"href":"https:\/\/gonzalezplc.com\/es\/wp-json\/wp\/v2\/comments\/?post=368"}],"version-history":[{"count":4,"href":"https:\/\/gonzalezplc.com\/es\/wp-json\/wp\/v2\/pages\/368\/revisions\/"}],"predecessor-version":[{"id":1473,"href":"https:\/\/gonzalezplc.com\/es\/wp-json\/wp\/v2\/pages\/368\/revisions\/1473\/"}],"wp:featuredmedia":[{"embeddable":true,"href":"https:\/\/gonzalezplc.com\/es\/wp-json\/wp\/v2\/media\/601\/"}],"wp:attachment":[{"href":"https:\/\/gonzalezplc.com\/es\/wp-json\/wp\/v2\/media\/?parent=368"}],"curies":[{"name":"wp","href":"https:\/\/api.w.org\/{rel}","templated":true}]}}