{"id":1341,"date":"2018-12-12T09:33:21","date_gmt":"2018-12-12T09:33:21","guid":{"rendered":"http:\/\/gonzalezplc.com\/practice-areas\/"},"modified":"2019-03-06T12:24:26","modified_gmt":"2019-03-06T12:24:26","slug":"practice-areas","status":"publish","type":"page","link":"https:\/\/gonzalezplc.com\/es\/practice-areas\/","title":{"rendered":"Areas de pr\u00e1ctica"},"content":{"rendered":"\n<p>Gonzalez &amp; Gonzalez Law, P.C. proporciona una amplia gama de servicios legales para la comunidad del sur de California. Ya sea que est\u00e9 iniciando, expandiendo o cerrando su negocio, tenemos la experiencia para ayudarlo. Ampliamente reconocida por tener conocimiento en bancarrota, litigios comerciales, bienes ra\u00edces, corporaciones y comunidades legales de entretenimiento, Gonz\u00e1lez &amp; Gonz\u00e1lez Law se compromete a proporcionar la m\u00e1s alta calidad de servicios legales. El equipo del bufete de abogados excepcionalmente talentosos combina trabajo duro, habilidades y experiencias para proporcionar enfoques innovadores para la resoluci\u00f3n de problemas legales que surgen en el siglo XXI y m\u00e1s all\u00e1. Nos enorgullecemos de ofrecer servicios personalizados de acuerdo con las necesidades individuales de cada cliente y de representar a nuestra clientela de una manera agresiva y \u00e9tica.<\/p>\n\n\n\n<p>Haga clic en cualquier \u00e1rea de inter\u00e9s para obtener m\u00e1s informaci\u00f3n sobre la experiencia de Gonz\u00e1lez &amp; Gonz\u00e1lez Law y la variedad de servicios que ofrecemos.<\/p>\n\n\n\n<div class=\"wp-block-columns has-2-columns is-layout-flex wp-container-core-columns-is-layout-9d6595d7 wp-block-columns-is-layout-flex\">\n<div class=\"wp-block-column is-layout-flow wp-block-column-is-layout-flow\">\n<h4 class=\"wp-block-heading\" style=\"text-align:right\"><a href=\"http:\/\/gonzalezplc.com\/es\/area-of-practices\/litigios-comerciales-y-resolucion-de-disputas\/\">Litigios comerciales &amp; resoluci\u00f3n de disputas<\/a><\/h4>\n<\/div>\n\n\n\n<div class=\"wp-block-column is-layout-flow wp-block-column-is-layout-flow\">\n<ul class=\"wp-block-list\"><li>Ley comercial<ul><li>Disputa Corporativa y de Negocios<\/li><li>Cobro y Recuperaci\u00f3n de Deudas<\/li><li>Alter-Ego \/ Piercing Corporate Velo<\/li><li>Litigio<\/li><\/ul><\/li><li>Derecho Inmobiliario<ul><li>Formaci\u00f3n y representaci\u00f3n para transacciones de compra \/ arrendamiento<\/li><li>Disputas de propiedad \/ propiedad<\/li><li>Litigio<\/li><\/ul><\/li><\/ul>\n<\/div>\n<\/div>\n\n\n\n<div class=\"wp-block-columns has-2-columns is-layout-flex wp-container-core-columns-is-layout-9d6595d7 wp-block-columns-is-layout-flex\">\n<div class=\"wp-block-column is-layout-flow wp-block-column-is-layout-flow\">\n<h4 class=\"wp-block-heading\" style=\"text-align:right\"><a href=\"http:\/\/gonzalezplc.com\/es\/area-of-practices\/derecho-corporativo-y-formacion\/\">Derecho Corporativo &amp; Formaci\u00f3n<\/a><\/h4>\n<\/div>\n\n\n\n<div class=\"wp-block-column is-layout-flow wp-block-column-is-layout-flow\">\n<ul class=\"wp-block-list\"><li>Formaci\u00f3n de la Sociedad de Responsabilidad Limitada<\/li><li> Sociedades de responsabilidad limitada<\/li><li>Corporaciones<ul><li>Litigio<\/li><li>Negociaciones<\/li><li>Acuerdos de accionistas<\/li><li>\u00abBuy Out\u00bb \/ Acuerdos de Shell<\/li><\/ul><\/li><\/ul>\n\n\n\n<p><\/p>\n<\/div>\n<\/div>\n\n\n\n<div class=\"wp-block-columns has-2-columns is-layout-flex wp-container-core-columns-is-layout-9d6595d7 wp-block-columns-is-layout-flex\">\n<div class=\"wp-block-column is-layout-flow wp-block-column-is-layout-flow\">\n<h4 class=\"wp-block-heading\" style=\"text-align:right\"><a href=\"http:\/\/gonzalezplc.com\/es\/area-of-practices\/ley-de-bancarrota-y-litigios\/\">Ley de Bancarrota &amp; Litigios <\/a><\/h4>\n<\/div>\n\n\n\n<div class=\"wp-block-column is-layout-flow wp-block-column-is-layout-flow\">\n<ul class=\"wp-block-list\"><li>Representaci\u00f3n del deudor<\/li><li>Representaci\u00f3n del acreedor<\/li><li>Representaci\u00f3n del Comit\u00e9 de Acreedores<\/li><li>Fideicomisario, Receptor y Asignados<\/li><li>Litigio<\/li><\/ul>\n<\/div>\n<\/div>\n\n\n\n<div class=\"wp-block-columns has-2-columns is-layout-flex wp-container-core-columns-is-layout-9d6595d7 wp-block-columns-is-layout-flex\">\n<div class=\"wp-block-column is-layout-flow wp-block-column-is-layout-flow\">\n<h4 class=\"wp-block-heading\" style=\"text-align:right\"><a href=\"http:\/\/gonzalezplc.com\/es\/area-of-practices\/leyes-de-entretenimiento-y-deportes\/\">Leyes de entretenimiento &amp; deportes<\/a><\/h4>\n<\/div>\n\n\n\n<div class=\"wp-block-column is-layout-flow wp-block-column-is-layout-flow\">\n<ul class=\"wp-block-list\"><li>Contratos, Licencias, Producir, Acuerdos de Financiamiento<\/li><li>Protecci\u00f3n de la propiedad intelectual<ul><li>Marcas, Derechos de Autor<\/li><\/ul><\/li><li>Litigios de entretenimiento<ul><li>Resoluci\u00f3n de conflictos<\/li><\/ul><\/li><li>Gestion de Negocios &amp; Negociaciones<\/li><\/ul>\n<\/div>\n<\/div>\n","protected":false},"excerpt":{"rendered":"<p>Gonzalez &amp; Gonzalez Law, P.C. proporciona una amplia gama de servicios legales para la comunidad del sur de California. Ya sea que est\u00e9&#8230;<\/p>\n","protected":false},"author":2,"featured_media":0,"parent":0,"menu_order":0,"comment_status":"closed","ping_status":"closed","template":"pagetemplate\/practice_areas.php","meta":{"footnotes":""},"class_list":["post-1341","page","type-page","status-publish","hentry"],"yoast_head":"<!-- This site is optimized with the Yoast SEO plugin v19.7.1 - https:\/\/yoast.com\/wordpress\/plugins\/seo\/ -->\n<title>Areas de pr\u00e1ctica - Gonzalez Law<\/title>\n<meta name=\"robots\" content=\"index, follow, max-snippet:-1, max-image-preview:large, max-video-preview:-1\" \/>\n<link rel=\"canonical\" href=\"https:\/\/gonzalezplc.com\/es\/practice-areas\/\" \/>\n<meta property=\"og:locale\" content=\"es_ES\" \/>\n<meta property=\"og:type\" content=\"article\" \/>\n<meta property=\"og:title\" content=\"Areas de pr\u00e1ctica - Gonzalez Law\" \/>\n<meta property=\"og:description\" content=\"Gonzalez &amp; Gonzalez Law, P.C. proporciona una amplia gama de servicios legales para la comunidad del sur de California. Ya sea que est\u00e9...\" \/>\n<meta property=\"og:url\" content=\"https:\/\/gonzalezplc.com\/es\/practice-areas\/\" \/>\n<meta property=\"og:site_name\" content=\"Gonzalez Law\" \/>\n<meta property=\"article:modified_time\" content=\"2019-03-06T12:24:26+00:00\" \/>\n<meta name=\"twitter:card\" content=\"summary_large_image\" \/>\n<meta name=\"twitter:label1\" content=\"Tiempo de lectura\" \/>\n\t<meta name=\"twitter:data1\" content=\"1 minuto\" \/>\n<script type=\"application\/ld+json\" class=\"yoast-schema-graph\">{\"@context\":\"https:\/\/schema.org\",\"@graph\":[{\"@type\":\"WebPage\",\"@id\":\"https:\/\/gonzalezplc.com\/es\/practice-areas\/\",\"url\":\"https:\/\/gonzalezplc.com\/es\/practice-areas\/\",\"name\":\"Areas de pr\u00e1ctica - Gonzalez Law\",\"isPartOf\":{\"@id\":\"https:\/\/gonzalezplc.com\/#website\"},\"datePublished\":\"2018-12-12T09:33:21+00:00\",\"dateModified\":\"2019-03-06T12:24:26+00:00\",\"breadcrumb\":{\"@id\":\"https:\/\/gonzalezplc.com\/es\/practice-areas\/#breadcrumb\"},\"inLanguage\":\"es\",\"potentialAction\":[{\"@type\":\"ReadAction\",\"target\":[\"https:\/\/gonzalezplc.com\/es\/practice-areas\/\"]}]},{\"@type\":\"BreadcrumbList\",\"@id\":\"https:\/\/gonzalezplc.com\/es\/practice-areas\/#breadcrumb\",\"itemListElement\":[{\"@type\":\"ListItem\",\"position\":1,\"name\":\"Home\",\"item\":\"https:\/\/gonzalezplc.com\/es\/\"},{\"@type\":\"ListItem\",\"position\":2,\"name\":\"Areas de pr\u00e1ctica\"}]},{\"@type\":\"WebSite\",\"@id\":\"https:\/\/gonzalezplc.com\/#website\",\"url\":\"https:\/\/gonzalezplc.com\/\",\"name\":\"Gonzalez Law\",\"description\":\"Professional Corporation\",\"potentialAction\":[{\"@type\":\"SearchAction\",\"target\":{\"@type\":\"EntryPoint\",\"urlTemplate\":\"https:\/\/gonzalezplc.com\/?s={search_term_string}\"},\"query-input\":\"required name=search_term_string\"}],\"inLanguage\":\"es\"}]}<\/script>\n<!-- \/ Yoast SEO plugin. -->","yoast_head_json":{"title":"Areas de pr\u00e1ctica - Gonzalez Law","robots":{"index":"index","follow":"follow","max-snippet":"max-snippet:-1","max-image-preview":"max-image-preview:large","max-video-preview":"max-video-preview:-1"},"canonical":"https:\/\/gonzalezplc.com\/es\/practice-areas\/","og_locale":"es_ES","og_type":"article","og_title":"Areas de pr\u00e1ctica - Gonzalez Law","og_description":"Gonzalez &amp; Gonzalez Law, P.C. proporciona una amplia gama de servicios legales para la comunidad del sur de California. Ya sea que est\u00e9...","og_url":"https:\/\/gonzalezplc.com\/es\/practice-areas\/","og_site_name":"Gonzalez Law","article_modified_time":"2019-03-06T12:24:26+00:00","twitter_card":"summary_large_image","twitter_misc":{"Tiempo de lectura":"1 minuto"},"schema":{"@context":"https:\/\/schema.org","@graph":[{"@type":"WebPage","@id":"https:\/\/gonzalezplc.com\/es\/practice-areas\/","url":"https:\/\/gonzalezplc.com\/es\/practice-areas\/","name":"Areas de pr\u00e1ctica - Gonzalez Law","isPartOf":{"@id":"https:\/\/gonzalezplc.com\/#website"},"datePublished":"2018-12-12T09:33:21+00:00","dateModified":"2019-03-06T12:24:26+00:00","breadcrumb":{"@id":"https:\/\/gonzalezplc.com\/es\/practice-areas\/#breadcrumb"},"inLanguage":"es","potentialAction":[{"@type":"ReadAction","target":["https:\/\/gonzalezplc.com\/es\/practice-areas\/"]}]},{"@type":"BreadcrumbList","@id":"https:\/\/gonzalezplc.com\/es\/practice-areas\/#breadcrumb","itemListElement":[{"@type":"ListItem","position":1,"name":"Home","item":"https:\/\/gonzalezplc.com\/es\/"},{"@type":"ListItem","position":2,"name":"Areas de pr\u00e1ctica"}]},{"@type":"WebSite","@id":"https:\/\/gonzalezplc.com\/#website","url":"https:\/\/gonzalezplc.com\/","name":"Gonzalez Law","description":"Professional Corporation","potentialAction":[{"@type":"SearchAction","target":{"@type":"EntryPoint","urlTemplate":"https:\/\/gonzalezplc.com\/?s={search_term_string}"},"query-input":"required name=search_term_string"}],"inLanguage":"es"}]}},"_links":{"self":[{"href":"https:\/\/gonzalezplc.com\/es\/wp-json\/wp\/v2\/pages\/1341\/"}],"collection":[{"href":"https:\/\/gonzalezplc.com\/es\/wp-json\/wp\/v2\/pages\/"}],"about":[{"href":"https:\/\/gonzalezplc.com\/es\/wp-json\/wp\/v2\/types\/page\/"}],"author":[{"embeddable":true,"href":"https:\/\/gonzalezplc.com\/es\/wp-json\/wp\/v2\/users\/2\/"}],"replies":[{"embeddable":true,"href":"https:\/\/gonzalezplc.com\/es\/wp-json\/wp\/v2\/comments\/?post=1341"}],"version-history":[{"count":1,"href":"https:\/\/gonzalezplc.com\/es\/wp-json\/wp\/v2\/pages\/1341\/revisions\/"}],"predecessor-version":[{"id":1343,"href":"https:\/\/gonzalezplc.com\/es\/wp-json\/wp\/v2\/pages\/1341\/revisions\/1343\/"}],"wp:attachment":[{"href":"https:\/\/gonzalezplc.com\/es\/wp-json\/wp\/v2\/media\/?parent=1341"}],"curies":[{"name":"wp","href":"https:\/\/api.w.org\/{rel}","templated":true}]}}