{"id":1337,"date":"2018-12-18T13:12:21","date_gmt":"2018-12-18T13:12:21","guid":{"rendered":"http:\/\/gonzalezplc.com\/rg-profile\/"},"modified":"2019-03-07T05:54:54","modified_gmt":"2019-03-07T05:54:54","slug":"rg-profile","status":"publish","type":"page","link":"https:\/\/gonzalezplc.com\/es\/rg-profile\/","title":{"rendered":"Rosendo Gonzalez"},"content":{"rendered":"<h3>Rosendo Gonzalez<\/h3>\n<p>Rosendo Gonz\u00e1lez fund\u00f3 la firma en julio de 1996 con el compromiso de brindar servicios legales de la m\u00e1s alta calidad de manera rentable y \u00e9tica. En m\u00e1s de 30 a\u00f1os de pr\u00e1ctica legal, ha adquirido una amplia base de conocimientos y experiencia en todos los aspectos de asuntos relacionados con la bancarrota y una amplia gama de experiencias en una variedad de campos legales, incluyendo corporativos, bienes ra\u00edces, entretenimiento, derecho deportivo y litigios comerciales.<\/p>\n<h4>Educaci\u00f3n y experiencia<\/h4>\n<p>Rosendo recibi\u00f3 su B.A. de la Universidad de Houston en 1984 y su t\u00edtulo de abogado en la Facultad de Derecho de la Universidad de Houston en 1987. El Sr. Gonz\u00e1lez ha sido miembro de los bares de California y Texas durante m\u00e1s de 30 a\u00f1os. Antes de ingresar a la pr\u00e1ctica privada, se desempe\u00f1\u00f3 como juez externo al Honorable Manuel D. Leal del Tribunal de Quiebras de los Estados Unidos para el Distrito Sur de Texas.<\/p>\n<p>Entre 1989 y 1996, Rosendo estuvo asociado con las prominentes firmas de abogados de Los \u00c1ngeles de Sulmeyer, Kupetz, Baumann &amp; Rothman y Weinstein &amp; Eisen. Durante su asociaci\u00f3n, obtuvo una variedad de experiencia en bancarrota, incluida la insolvencia, la reorganizaci\u00f3n corporativa, los derechos de los acreedores y deudores, y los asuntos comerciales y de negocios. Se le permite ejercer ante el Tribunal Superior de California, los Tribunales de Apelaci\u00f3n de California, el Tribunal Supremo de California, el Tribunal de Apelaciones del Noveno Circuito, el Panel de Apelaci\u00f3n de Quiebras del Noveno Circuito, el Tribunal Central, del Sur del Distritos del Norte en California y el Distrito Sur de Texas del Tribunal de Quiebras de los Estados Unidos.<\/p>\n<p>Desde 1998, el Sr. Gonz\u00e1lez fue designado para servir como fideicomisario de quiebras del Panel de Fideicomisarios del Tribunal de Quiebras de los Estados Unidos para el Distrito Central de California, Divisi\u00f3n de Los \u00c1ngeles. Como fideicomisario, Rosendo administra m\u00e1s de 1,000 casos de bancarrota al a\u00f1o, incluidas las investigaciones y la recuperaci\u00f3n de activos, el an\u00e1lisis de los reclamos de los acreedores y el litigio de transferencias preferenciales y fraudulentas.<\/p>\n<h4>Membres\u00edas<\/h4>\n<p>A lo largo de los a\u00f1os, el Sr. Gonz\u00e1lez tambi\u00e9n ha tenido las siguientes membres\u00edas y afiliaciones de gran prestigio:<\/p>\n<ul>\n<li>Presidente de la Divisi\u00f3n de California del Colegio de Abogados Cubano-Americano (1996-1998)<\/li>\n<li>Colegio Americano de Abogados<\/li>\n<li>Secciones de negocios y bancarrota del Colegio de Abogados del Condado de Los \u00c1ngeles<\/li>\n<li>Foro de bancarrota de California<\/li>\n<li>Conferencia de Abogados Financieros de Los Angeles<\/li>\n<li>Colegio Nacional de Abogados Hispanos<\/li>\n<li>Liga Anti-Difamaci\u00f3n de B\u2019Nai Brith<\/li>\n<li>Ponente invitado en el Los Angeles Times Investment Strategies Conference<\/li>\n<\/ul>\n<p>Durante dos a\u00f1os consecutivos, tambi\u00e9n fue seleccionado para el International Who&#8217;s Who en 1996 y 1997. En mayo de 2000, fue seleccionado para ser miembro de la Comisi\u00f3n de trabajo del sistema disciplinario de Rampart. El Sr. Gonz\u00e1lez es un escritor frecuente de La Opini\u00f3n y ha ganado una distinci\u00f3n como el primero entre sus compa\u00f1eros en alcanzar su nivel de \u00e9xito con La Opini\u00f3n.<\/p>\n","protected":false},"excerpt":{"rendered":"<p>Rosendo Gonzalez Rosendo Gonz\u00e1lez fund\u00f3 la firma en julio de 1996 con el compromiso de brindar servicios legales de la m\u00e1s alta calidad&#8230;<\/p>\n","protected":false},"author":2,"featured_media":0,"parent":0,"menu_order":0,"comment_status":"closed","ping_status":"closed","template":"pagetemplate\/rgprofile.php","meta":{"footnotes":""},"class_list":["post-1337","page","type-page","status-publish","hentry"],"yoast_head":"<!-- This site is optimized with the Yoast SEO plugin v19.7.1 - https:\/\/yoast.com\/wordpress\/plugins\/seo\/ -->\n<title>Rosendo Gonzalez - Gonzalez Law<\/title>\n<meta name=\"robots\" content=\"index, follow, max-snippet:-1, max-image-preview:large, max-video-preview:-1\" \/>\n<link rel=\"canonical\" href=\"https:\/\/gonzalezplc.com\/es\/rg-profile\/\" \/>\n<meta property=\"og:locale\" content=\"es_ES\" \/>\n<meta property=\"og:type\" content=\"article\" \/>\n<meta property=\"og:title\" content=\"Rosendo Gonzalez - Gonzalez Law\" \/>\n<meta property=\"og:description\" content=\"Rosendo Gonzalez Rosendo Gonz\u00e1lez fund\u00f3 la firma en julio de 1996 con el compromiso de brindar servicios legales de la m\u00e1s alta calidad...\" \/>\n<meta property=\"og:url\" content=\"https:\/\/gonzalezplc.com\/es\/rg-profile\/\" \/>\n<meta property=\"og:site_name\" content=\"Gonzalez Law\" \/>\n<meta property=\"article:modified_time\" content=\"2019-03-07T05:54:54+00:00\" \/>\n<meta name=\"twitter:card\" content=\"summary_large_image\" \/>\n<meta name=\"twitter:label1\" content=\"Tiempo de lectura\" \/>\n\t<meta name=\"twitter:data1\" content=\"3 minutos\" \/>\n<script type=\"application\/ld+json\" class=\"yoast-schema-graph\">{\"@context\":\"https:\/\/schema.org\",\"@graph\":[{\"@type\":\"WebPage\",\"@id\":\"https:\/\/gonzalezplc.com\/es\/rg-profile\/\",\"url\":\"https:\/\/gonzalezplc.com\/es\/rg-profile\/\",\"name\":\"Rosendo Gonzalez - Gonzalez Law\",\"isPartOf\":{\"@id\":\"https:\/\/gonzalezplc.com\/#website\"},\"datePublished\":\"2018-12-18T13:12:21+00:00\",\"dateModified\":\"2019-03-07T05:54:54+00:00\",\"breadcrumb\":{\"@id\":\"https:\/\/gonzalezplc.com\/es\/rg-profile\/#breadcrumb\"},\"inLanguage\":\"es\",\"potentialAction\":[{\"@type\":\"ReadAction\",\"target\":[\"https:\/\/gonzalezplc.com\/es\/rg-profile\/\"]}]},{\"@type\":\"BreadcrumbList\",\"@id\":\"https:\/\/gonzalezplc.com\/es\/rg-profile\/#breadcrumb\",\"itemListElement\":[{\"@type\":\"ListItem\",\"position\":1,\"name\":\"Home\",\"item\":\"https:\/\/gonzalezplc.com\/es\/\"},{\"@type\":\"ListItem\",\"position\":2,\"name\":\"Rosendo Gonzalez\"}]},{\"@type\":\"WebSite\",\"@id\":\"https:\/\/gonzalezplc.com\/#website\",\"url\":\"https:\/\/gonzalezplc.com\/\",\"name\":\"Gonzalez Law\",\"description\":\"Professional Corporation\",\"potentialAction\":[{\"@type\":\"SearchAction\",\"target\":{\"@type\":\"EntryPoint\",\"urlTemplate\":\"https:\/\/gonzalezplc.com\/?s={search_term_string}\"},\"query-input\":\"required name=search_term_string\"}],\"inLanguage\":\"es\"}]}<\/script>\n<!-- \/ Yoast SEO plugin. -->","yoast_head_json":{"title":"Rosendo Gonzalez - Gonzalez Law","robots":{"index":"index","follow":"follow","max-snippet":"max-snippet:-1","max-image-preview":"max-image-preview:large","max-video-preview":"max-video-preview:-1"},"canonical":"https:\/\/gonzalezplc.com\/es\/rg-profile\/","og_locale":"es_ES","og_type":"article","og_title":"Rosendo Gonzalez - Gonzalez Law","og_description":"Rosendo Gonzalez Rosendo Gonz\u00e1lez fund\u00f3 la firma en julio de 1996 con el compromiso de brindar servicios legales de la m\u00e1s alta calidad...","og_url":"https:\/\/gonzalezplc.com\/es\/rg-profile\/","og_site_name":"Gonzalez Law","article_modified_time":"2019-03-07T05:54:54+00:00","twitter_card":"summary_large_image","twitter_misc":{"Tiempo de lectura":"3 minutos"},"schema":{"@context":"https:\/\/schema.org","@graph":[{"@type":"WebPage","@id":"https:\/\/gonzalezplc.com\/es\/rg-profile\/","url":"https:\/\/gonzalezplc.com\/es\/rg-profile\/","name":"Rosendo Gonzalez - Gonzalez Law","isPartOf":{"@id":"https:\/\/gonzalezplc.com\/#website"},"datePublished":"2018-12-18T13:12:21+00:00","dateModified":"2019-03-07T05:54:54+00:00","breadcrumb":{"@id":"https:\/\/gonzalezplc.com\/es\/rg-profile\/#breadcrumb"},"inLanguage":"es","potentialAction":[{"@type":"ReadAction","target":["https:\/\/gonzalezplc.com\/es\/rg-profile\/"]}]},{"@type":"BreadcrumbList","@id":"https:\/\/gonzalezplc.com\/es\/rg-profile\/#breadcrumb","itemListElement":[{"@type":"ListItem","position":1,"name":"Home","item":"https:\/\/gonzalezplc.com\/es\/"},{"@type":"ListItem","position":2,"name":"Rosendo Gonzalez"}]},{"@type":"WebSite","@id":"https:\/\/gonzalezplc.com\/#website","url":"https:\/\/gonzalezplc.com\/","name":"Gonzalez Law","description":"Professional Corporation","potentialAction":[{"@type":"SearchAction","target":{"@type":"EntryPoint","urlTemplate":"https:\/\/gonzalezplc.com\/?s={search_term_string}"},"query-input":"required name=search_term_string"}],"inLanguage":"es"}]}},"_links":{"self":[{"href":"https:\/\/gonzalezplc.com\/es\/wp-json\/wp\/v2\/pages\/1337\/"}],"collection":[{"href":"https:\/\/gonzalezplc.com\/es\/wp-json\/wp\/v2\/pages\/"}],"about":[{"href":"https:\/\/gonzalezplc.com\/es\/wp-json\/wp\/v2\/types\/page\/"}],"author":[{"embeddable":true,"href":"https:\/\/gonzalezplc.com\/es\/wp-json\/wp\/v2\/users\/2\/"}],"replies":[{"embeddable":true,"href":"https:\/\/gonzalezplc.com\/es\/wp-json\/wp\/v2\/comments\/?post=1337"}],"version-history":[{"count":2,"href":"https:\/\/gonzalezplc.com\/es\/wp-json\/wp\/v2\/pages\/1337\/revisions\/"}],"predecessor-version":[{"id":1475,"href":"https:\/\/gonzalezplc.com\/es\/wp-json\/wp\/v2\/pages\/1337\/revisions\/1475\/"}],"wp:attachment":[{"href":"https:\/\/gonzalezplc.com\/es\/wp-json\/wp\/v2\/media\/?parent=1337"}],"curies":[{"name":"wp","href":"https:\/\/api.w.org\/{rel}","templated":true}]}}