{"id":1329,"date":"2019-03-06T05:01:16","date_gmt":"2019-03-06T05:01:16","guid":{"rendered":"http:\/\/gonzalezplc.com\/debtor-resources\/"},"modified":"2024-06-26T18:59:50","modified_gmt":"2024-06-27T01:59:50","slug":"debtor-resources","status":"publish","type":"page","link":"https:\/\/gonzalezplc.com\/es\/debtor-resources\/","title":{"rendered":"Recursos del Deudor"},"content":{"rendered":"\n<div class=\"wp-block-columns has-2-columns is-layout-flex wp-container-core-columns-is-layout-9d6595d7 wp-block-columns-is-layout-flex\">\n<div class=\"wp-block-column is-layout-flow wp-block-column-is-layout-flow\">\n<figure class=\"wp-block-image office-manger-lftimg\"><img loading=\"lazy\" decoding=\"async\" width=\"780\" height=\"926\" src=\"https:\/\/gonzalezplc.com\/wp-content\/uploads\/2019\/03\/administrator.jpg\" alt=\"\" class=\"wp-image-1282\" srcset=\"https:\/\/gonzalezplc.com\/wp-content\/uploads\/2019\/03\/administrator.jpg 780w, https:\/\/gonzalezplc.com\/wp-content\/uploads\/2019\/03\/administrator-768x912.jpg 768w\" sizes=\"auto, (max-width: 780px) 100vw, 780px\" \/><\/figure>\n<\/div>\n\n\n\n<div class=\"wp-block-column is-layout-flow wp-block-column-is-layout-flow\">\n<div class=\"profile_info\" style=\"width: 100%;\">\n\t<h3>Mireya Gonzalez <span style=\"font-size: 18px;display: block;padding-bottom: 10px;padding-top: 5px;\">Administrador Trustee y Gerente de Oficina<\/span><\/h3>\n\t<p>Si tiene alguna pregunta, p\u00f3ngase en contacto con nuestro departamento de confianza.<\/p>\n\t<p><label> Tel\u00e9fono: <\/label> <a href=\"tel:213-452-0071\">213-452-0071<\/a><\/p>\n\t<p><label> Email:<\/label> <a href=\"mailto:Gonzaleztrustee@att.net\">gonzaleztrustee@att.net<\/a><\/p>\n<\/div>\n\n\n\n<p>Estos son algunos de los formularios m\u00e1s frecuentes que puede descargar.<\/p>\n<p><a target=\"_blank\" href=\"\/wp-content\/uploads\/2019\/03\/Rosendo-Gonzalez.pdf\" rel=\"noopener\">341(a) Procedimiento<\/a><\/p>\n<p><a target=\"_blank\" href=\"\/wp-content\/uploads\/2019\/03\/DSO-FORM.pdf\" rel=\"noopener\">Formulario de Obligaci\u00f3n de Manutenci\u00f3n Interna<\/a><\/p>\n<p><a target=\"_blank\" href=\"\/wp-content\/uploads\/2019\/03\/Document-Delivery-Trustee.pdf\" rel=\"noopener\">Procedimiento de Entrega de Documentos<\/a><\/p>\n<p><a target=\"_blank\" href=\"\/wp-content\/uploads\/2024\/06\/Instructions-Package-for-Joining-a-Zoom-341a-Meeting-of-Creditors-Spanish.pdf\" rel=\"noopener\">Paquete de Instrucciones Para Unirse a una junta de Acreedores de Zoom 341<\/a><\/p>\n<p><a target=\"_blank\" href=\"\/wp-content\/uploads\/2024\/06\/USTP-Declaration-Regarding-Oath-and-Confirmation-of-ID-SSN.pdf\" rel=\"noopener\">Declaraci\u00f3n de la USTP sobre juramento y confirmaci\u00f3n de identificaci\u00f3n SSN<\/a><\/p>\n<p><a target=\"_blank\" href=\"\/wp-content\/uploads\/2024\/06\/Notice-Declaration-Without-An-Attorney-Spanish.pdf\" rel=\"noopener\">Declaraci\u00f3n de Aviso Sin Abogado<\/a><\/p>\n<\/div>\n<\/div>\n","protected":false},"excerpt":{"rendered":"<p>Mireya Gonzalez Administrador Trustee y Gerente de Oficina Si tiene alguna pregunta, p\u00f3ngase en contacto con nuestro departamento de confianza. Tel\u00e9fono: 213-452-0071 Email:&#8230;<\/p>\n","protected":false},"author":2,"featured_media":0,"parent":0,"menu_order":0,"comment_status":"closed","ping_status":"closed","template":"","meta":{"footnotes":""},"class_list":["post-1329","page","type-page","status-publish","hentry"],"yoast_head":"<!-- This site is optimized with the Yoast SEO plugin v19.7.1 - https:\/\/yoast.com\/wordpress\/plugins\/seo\/ -->\n<title>Recursos del Deudor - Gonzalez Law<\/title>\n<meta name=\"robots\" content=\"index, follow, max-snippet:-1, max-image-preview:large, max-video-preview:-1\" \/>\n<link rel=\"canonical\" href=\"https:\/\/gonzalezplc.com\/es\/debtor-resources\/\" \/>\n<meta property=\"og:locale\" content=\"es_ES\" \/>\n<meta property=\"og:type\" content=\"article\" \/>\n<meta property=\"og:title\" content=\"Recursos del Deudor - Gonzalez Law\" \/>\n<meta property=\"og:description\" content=\"Mireya Gonzalez Administrador Trustee y Gerente de Oficina Si tiene alguna pregunta, p\u00f3ngase en contacto con nuestro departamento de confianza. Tel\u00e9fono: 213-452-0071 Email:...\" \/>\n<meta property=\"og:url\" content=\"https:\/\/gonzalezplc.com\/es\/debtor-resources\/\" \/>\n<meta property=\"og:site_name\" content=\"Gonzalez Law\" \/>\n<meta property=\"article:modified_time\" content=\"2024-06-27T01:59:50+00:00\" \/>\n<meta property=\"og:image\" content=\"https:\/\/gonzalezplc.com\/wp-content\/uploads\/2019\/03\/administrator.jpg\" \/>\n<meta name=\"twitter:card\" content=\"summary_large_image\" \/>\n<script type=\"application\/ld+json\" class=\"yoast-schema-graph\">{\"@context\":\"https:\/\/schema.org\",\"@graph\":[{\"@type\":\"WebPage\",\"@id\":\"https:\/\/gonzalezplc.com\/es\/debtor-resources\/\",\"url\":\"https:\/\/gonzalezplc.com\/es\/debtor-resources\/\",\"name\":\"Recursos del Deudor - Gonzalez Law\",\"isPartOf\":{\"@id\":\"https:\/\/gonzalezplc.com\/#website\"},\"datePublished\":\"2019-03-06T05:01:16+00:00\",\"dateModified\":\"2024-06-27T01:59:50+00:00\",\"breadcrumb\":{\"@id\":\"https:\/\/gonzalezplc.com\/es\/debtor-resources\/#breadcrumb\"},\"inLanguage\":\"es\",\"potentialAction\":[{\"@type\":\"ReadAction\",\"target\":[\"https:\/\/gonzalezplc.com\/es\/debtor-resources\/\"]}]},{\"@type\":\"BreadcrumbList\",\"@id\":\"https:\/\/gonzalezplc.com\/es\/debtor-resources\/#breadcrumb\",\"itemListElement\":[{\"@type\":\"ListItem\",\"position\":1,\"name\":\"Home\",\"item\":\"https:\/\/gonzalezplc.com\/es\/\"},{\"@type\":\"ListItem\",\"position\":2,\"name\":\"Recursos del Deudor\"}]},{\"@type\":\"WebSite\",\"@id\":\"https:\/\/gonzalezplc.com\/#website\",\"url\":\"https:\/\/gonzalezplc.com\/\",\"name\":\"Gonzalez Law\",\"description\":\"Professional Corporation\",\"potentialAction\":[{\"@type\":\"SearchAction\",\"target\":{\"@type\":\"EntryPoint\",\"urlTemplate\":\"https:\/\/gonzalezplc.com\/?s={search_term_string}\"},\"query-input\":\"required name=search_term_string\"}],\"inLanguage\":\"es\"}]}<\/script>\n<!-- \/ Yoast SEO plugin. -->","yoast_head_json":{"title":"Recursos del Deudor - Gonzalez Law","robots":{"index":"index","follow":"follow","max-snippet":"max-snippet:-1","max-image-preview":"max-image-preview:large","max-video-preview":"max-video-preview:-1"},"canonical":"https:\/\/gonzalezplc.com\/es\/debtor-resources\/","og_locale":"es_ES","og_type":"article","og_title":"Recursos del Deudor - Gonzalez Law","og_description":"Mireya Gonzalez Administrador Trustee y Gerente de Oficina Si tiene alguna pregunta, p\u00f3ngase en contacto con nuestro departamento de confianza. Tel\u00e9fono: 213-452-0071 Email:...","og_url":"https:\/\/gonzalezplc.com\/es\/debtor-resources\/","og_site_name":"Gonzalez Law","article_modified_time":"2024-06-27T01:59:50+00:00","og_image":[{"url":"https:\/\/gonzalezplc.com\/wp-content\/uploads\/2019\/03\/administrator.jpg"}],"twitter_card":"summary_large_image","schema":{"@context":"https:\/\/schema.org","@graph":[{"@type":"WebPage","@id":"https:\/\/gonzalezplc.com\/es\/debtor-resources\/","url":"https:\/\/gonzalezplc.com\/es\/debtor-resources\/","name":"Recursos del Deudor - Gonzalez Law","isPartOf":{"@id":"https:\/\/gonzalezplc.com\/#website"},"datePublished":"2019-03-06T05:01:16+00:00","dateModified":"2024-06-27T01:59:50+00:00","breadcrumb":{"@id":"https:\/\/gonzalezplc.com\/es\/debtor-resources\/#breadcrumb"},"inLanguage":"es","potentialAction":[{"@type":"ReadAction","target":["https:\/\/gonzalezplc.com\/es\/debtor-resources\/"]}]},{"@type":"BreadcrumbList","@id":"https:\/\/gonzalezplc.com\/es\/debtor-resources\/#breadcrumb","itemListElement":[{"@type":"ListItem","position":1,"name":"Home","item":"https:\/\/gonzalezplc.com\/es\/"},{"@type":"ListItem","position":2,"name":"Recursos del Deudor"}]},{"@type":"WebSite","@id":"https:\/\/gonzalezplc.com\/#website","url":"https:\/\/gonzalezplc.com\/","name":"Gonzalez Law","description":"Professional Corporation","potentialAction":[{"@type":"SearchAction","target":{"@type":"EntryPoint","urlTemplate":"https:\/\/gonzalezplc.com\/?s={search_term_string}"},"query-input":"required name=search_term_string"}],"inLanguage":"es"}]}},"_links":{"self":[{"href":"https:\/\/gonzalezplc.com\/es\/wp-json\/wp\/v2\/pages\/1329\/"}],"collection":[{"href":"https:\/\/gonzalezplc.com\/es\/wp-json\/wp\/v2\/pages\/"}],"about":[{"href":"https:\/\/gonzalezplc.com\/es\/wp-json\/wp\/v2\/types\/page\/"}],"author":[{"embeddable":true,"href":"https:\/\/gonzalezplc.com\/es\/wp-json\/wp\/v2\/users\/2\/"}],"replies":[{"embeddable":true,"href":"https:\/\/gonzalezplc.com\/es\/wp-json\/wp\/v2\/comments\/?post=1329"}],"version-history":[{"count":9,"href":"https:\/\/gonzalezplc.com\/es\/wp-json\/wp\/v2\/pages\/1329\/revisions\/"}],"predecessor-version":[{"id":2405,"href":"https:\/\/gonzalezplc.com\/es\/wp-json\/wp\/v2\/pages\/1329\/revisions\/2405\/"}],"wp:attachment":[{"href":"https:\/\/gonzalezplc.com\/es\/wp-json\/wp\/v2\/media\/?parent=1329"}],"curies":[{"name":"wp","href":"https:\/\/api.w.org\/{rel}","templated":true}]}}